{"id":17,"date":"2020-02-10T22:09:34","date_gmt":"2020-02-10T21:09:34","guid":{"rendered":"http:\/\/koeb.st-fronleichnam.de\/?page_id=17"},"modified":"2020-04-02T22:48:58","modified_gmt":"2020-04-02T21:48:58","slug":"impressum","status":"publish","type":"page","link":"http:\/\/buecherei.st-fronleichnam.de\/?page_id=17","title":{"rendered":"Impressum"},"content":{"rendered":"<p>Katholische \u00f6ffentliche B\u00fccherei St. Fronleichnam<br \/>\nKampstra\u00dfe 33<br \/>\n45355 Essen<br \/>\nDeutschland<br \/>\nTelefon: +49 (0)201 506 504 47<br \/>\nE-Mail: buecherei@st-fronleichnam.de<\/p>\n<p><strong>Vertreten durch:<\/strong><\/p>\n<p>Ernst Adden<\/p>\n<p>&nbsp;<\/p>\n<p><strong>Technischer Betreuer:<\/strong><\/p>\n<p>Fabian K\u00fcppers<br \/>\nfabian@konipers.de<\/p>\n","protected":false},"excerpt":{"rendered":"<p>Katholische \u00f6ffentliche B\u00fccherei St. Fronleichnam Kampstra\u00dfe 33 45355 Essen Deutschland Telefon: +49 (0)201 506 504 47 E-Mail: buecherei@st-fronleichnam.de Vertreten durch: Ernst Adden &nbsp; Technischer Betreuer: Fabian K\u00fcppers fabian@konipers.de<\/p>\n","protected":false},"author":1,"featured_media":0,"parent":0,"menu_order":0,"comment_status":"closed","ping_status":"closed","template":"","meta":{"footnotes":""},"class_list":["post-17","page","type-page","status-publish","hentry"],"_links":{"self":[{"href":"http:\/\/buecherei.st-fronleichnam.de\/index.php?rest_route=\/wp\/v2\/pages\/17","targetHints":{"allow":["GET"]}}],"collection":[{"href":"http:\/\/buecherei.st-fronleichnam.de\/index.php?rest_route=\/wp\/v2\/pages"}],"about":[{"href":"http:\/\/buecherei.st-fronleichnam.de\/index.php?rest_route=\/wp\/v2\/types\/page"}],"author":[{"embeddable":true,"href":"http:\/\/buecherei.st-fronleichnam.de\/index.php?rest_route=\/wp\/v2\/users\/1"}],"replies":[{"embeddable":true,"href":"http:\/\/buecherei.st-fronleichnam.de\/index.php?rest_route=%2Fwp%2Fv2%2Fcomments&post=17"}],"version-history":[{"count":4,"href":"http:\/\/buecherei.st-fronleichnam.de\/index.php?rest_route=\/wp\/v2\/pages\/17\/revisions"}],"predecessor-version":[{"id":188,"href":"http:\/\/buecherei.st-fronleichnam.de\/index.php?rest_route=\/wp\/v2\/pages\/17\/revisions\/188"}],"wp:attachment":[{"href":"http:\/\/buecherei.st-fronleichnam.de\/index.php?rest_route=%2Fwp%2Fv2%2Fmedia&parent=17"}],"curies":[{"name":"wp","href":"https:\/\/api.w.org\/{rel}","templated":true}]}}